{"id":5040,"date":"2023-11-13T09:02:03","date_gmt":"2023-11-13T09:02:03","guid":{"rendered":"https:\/\/grandvriooceanresortcitydanang.com\/?page_id=5040"},"modified":"2026-02-06T11:27:46","modified_gmt":"2026-02-06T13:27:46","slug":"charged-activites","status":"publish","type":"page","link":"https:\/\/grandvriooceanresortcitydanang.com\/vi\/charged-activites\/","title":{"rendered":"Ho\u1ea1t \u0111\u1ed9ng t\u00ednh ph\u00ed"},"content":{"rendered":"<div data-elementor-type=\"wp-page\" data-elementor-id=\"5040\" class=\"elementor elementor-5040\">\n\t\t\t\t<div class=\"elementor-element elementor-element-411112c e-flex e-con-boxed e-con e-parent\" data-id=\"411112c\" data-element_type=\"container\" data-settings=\"{&quot;background_background&quot;:&quot;slideshow&quot;,&quot;background_slideshow_gallery&quot;:[{&quot;id&quot;:6215,&quot;url&quot;:&quot;https:\\\/\\\/grandvriooceanresortcitydanang.com\\\/wp-content\\\/uploads\\\/2024\\\/08\\\/z5383305198373_92c3bba334ca6b8bee8ee799a917e4af.jpg&quot;},{&quot;id&quot;:6216,&quot;url&quot;:&quot;https:\\\/\\\/grandvriooceanresortcitydanang.com\\\/wp-content\\\/uploads\\\/2024\\\/08\\\/Grandvrio-2-scaled.jpg&quot;},{&quot;id&quot;:6217,&quot;url&quot;:&quot;https:\\\/\\\/grandvriooceanresortcitydanang.com\\\/wp-content\\\/uploads\\\/2024\\\/08\\\/Grandvrio-11-scaled.jpg&quot;}],&quot;background_slideshow_loop&quot;:&quot;yes&quot;,&quot;background_slideshow_slide_duration&quot;:5000,&quot;background_slideshow_slide_transition&quot;:&quot;fade&quot;,&quot;background_slideshow_transition_duration&quot;:500}\">\n\t\t\t\t\t<div class=\"e-con-inner\">\n\t\t\t\t\t<\/div>\n\t\t\t\t<\/div>\n\t\t<div class=\"elementor-element elementor-element-793cd91 e-flex e-con-boxed e-con e-parent\" data-id=\"793cd91\" data-element_type=\"container\">\n\t\t\t\t\t<div class=\"e-con-inner\">\n\t\t<div class=\"elementor-element elementor-element-908e3b2 e-con-full e-flex e-con e-child\" data-id=\"908e3b2\" data-element_type=\"container\">\n\t\t<div class=\"elementor-element elementor-element-1a5e0de e-con-full e-flex e-con e-child\" data-id=\"1a5e0de\" data-element_type=\"container\">\n\t\t\t\t<div class=\"elementor-element elementor-element-398a816 elementor-widget elementor-widget-heading\" data-id=\"398a816\" data-element_type=\"widget\" data-widget_type=\"heading.default\">\n\t\t\t\t<div class=\"elementor-widget-container\">\n\t\t\t<style>\/*! elementor - v3.21.0 - 18-04-2024 *\/\n.elementor-heading-title{padding:0;margin:0;line-height:1}.elementor-widget-heading .elementor-heading-title[class*=elementor-size-]>a{color:inherit;font-size:inherit;line-height:inherit}.elementor-widget-heading .elementor-heading-title.elementor-size-small{font-size:15px}.elementor-widget-heading .elementor-heading-title.elementor-size-medium{font-size:19px}.elementor-widget-heading .elementor-heading-title.elementor-size-large{font-size:29px}.elementor-widget-heading .elementor-heading-title.elementor-size-xl{font-size:39px}.elementor-widget-heading .elementor-heading-title.elementor-size-xxl{font-size:59px}<\/style><h2 class=\"elementor-heading-title elementor-size-default\">HO\u1ea0T \u0110\u1ed8NG T\u00cdNH PH\u00cd<\/h2>\t\t<\/div>\n\t\t\t\t<\/div>\n\t\t\t\t<div class=\"elementor-element elementor-element-dcf1fdf elementor-widget__width-initial elementor-widget elementor-widget-heading\" data-id=\"dcf1fdf\" data-element_type=\"widget\" data-widget_type=\"heading.default\">\n\t\t\t\t<div class=\"elementor-widget-container\">\n\t\t\t<span class=\"elementor-heading-title elementor-size-default\">Th\u01b0 gi\u00e3n v\u00e0 t\u1eadn h\u01b0\u1edfng c\u00e1c ho\u1ea1t \u0111\u1ed9ng gi\u1ea3i tr\u00ed c\u00f3 t\u00ednh ph\u00ed.<\/span>\t\t<\/div>\n\t\t\t\t<\/div>\n\t\t\t\t<\/div>\n\t\t<div class=\"elementor-element elementor-element-51ab676 e-con-full e-flex e-con e-child\" data-id=\"51ab676\" data-element_type=\"container\">\n\t\t\t\t<div class=\"elementor-element elementor-element-c11b729 elementor-widget__width-initial elementor-widget elementor-widget-text-editor\" data-id=\"c11b729\" data-element_type=\"widget\" data-widget_type=\"text-editor.default\">\n\t\t\t\t<div class=\"elementor-widget-container\">\n\t\t\t<style>\/*! elementor - v3.21.0 - 18-04-2024 *\/\n.elementor-widget-text-editor.elementor-drop-cap-view-stacked .elementor-drop-cap{background-color:#69727d;color:#fff}.elementor-widget-text-editor.elementor-drop-cap-view-framed .elementor-drop-cap{color:#69727d;border:3px solid;background-color:transparent}.elementor-widget-text-editor:not(.elementor-drop-cap-view-default) .elementor-drop-cap{margin-top:8px}.elementor-widget-text-editor:not(.elementor-drop-cap-view-default) .elementor-drop-cap-letter{width:1em;height:1em}.elementor-widget-text-editor .elementor-drop-cap{float:left;text-align:center;line-height:1;font-size:50px}.elementor-widget-text-editor .elementor-drop-cap-letter{display:inline-block}<\/style>\t\t\t\t<p class=\" translation-block\">Tr\u1ea3i nghi\u1ec7m c\u00e1c d\u1ecbch v\u1ee5 gi\u1ea3i tr\u00ed t\u1ea1i Grandvrio Ocean Resort Danang.<\/p>\t\t\t\t\t\t<\/div>\n\t\t\t\t<\/div>\n\t\t<div class=\"elementor-element elementor-element-ba2ad25 e-flex e-con-boxed e-con e-child\" data-id=\"ba2ad25\" data-element_type=\"container\">\n\t\t\t\t\t<div class=\"e-con-inner\">\n\t\t\t\t<div class=\"elementor-element elementor-element-20db38b elementor-widget elementor-widget-image\" data-id=\"20db38b\" data-element_type=\"widget\" data-widget_type=\"image.default\">\n\t\t\t\t<div class=\"elementor-widget-container\">\n\t\t\t<style>\/*! elementor - v3.21.0 - 18-04-2024 *\/\n.elementor-widget-image{text-align:center}.elementor-widget-image a{display:inline-block}.elementor-widget-image a img[src$=\".svg\"]{width:48px}.elementor-widget-image img{vertical-align:middle;display:inline-block}<\/style>\t\t\t\t\t\t\t\t\t\t<img fetchpriority=\"high\" decoding=\"async\" width=\"724\" height=\"1024\" src=\"https:\/\/grandvriooceanresortcitydanang.com\/wp-content\/uploads\/2025\/11\/SPORTS-ACTIVITIES-724x1024.jpg\" class=\"attachment-large size-large wp-image-6793\" alt=\"\" srcset=\"https:\/\/grandvriooceanresortcitydanang.com\/wp-content\/uploads\/2025\/11\/SPORTS-ACTIVITIES-724x1024.jpg 724w, https:\/\/grandvriooceanresortcitydanang.com\/wp-content\/uploads\/2025\/11\/SPORTS-ACTIVITIES-212x300.jpg 212w, https:\/\/grandvriooceanresortcitydanang.com\/wp-content\/uploads\/2025\/11\/SPORTS-ACTIVITIES-768x1086.jpg 768w, https:\/\/grandvriooceanresortcitydanang.com\/wp-content\/uploads\/2025\/11\/SPORTS-ACTIVITIES-1086x1536.jpg 1086w, https:\/\/grandvriooceanresortcitydanang.com\/wp-content\/uploads\/2025\/11\/SPORTS-ACTIVITIES-8x12.jpg 8w, https:\/\/grandvriooceanresortcitydanang.com\/wp-content\/uploads\/2025\/11\/SPORTS-ACTIVITIES.jpg 1414w\" sizes=\"(max-width: 724px) 100vw, 724px\" \/>\t\t\t\t\t\t\t\t\t\t\t\t\t<\/div>\n\t\t\t\t<\/div>\n\t\t\t\t\t<\/div>\n\t\t\t\t<\/div>\n\t\t\t\t<\/div>\n\t\t\t\t<\/div>\n\t\t\t\t\t<\/div>\n\t\t\t\t<\/div>\n\t\t<div class=\"elementor-element elementor-element-184f233 e-flex e-con-boxed e-con e-parent\" data-id=\"184f233\" data-element_type=\"container\" data-settings=\"{&quot;background_background&quot;:&quot;classic&quot;}\">\n\t\t\t\t\t<div class=\"e-con-inner\">\n\t\t\t\t<div class=\"elementor-element elementor-element-e9fa152 e-n-tabs-mobile elementor-widget elementor-widget-n-tabs\" data-id=\"e9fa152\" data-element_type=\"widget\" data-widget_type=\"nested-tabs.default\">\n\t\t\t\t<div class=\"elementor-widget-container\">\n\t\t\t\t\t<div class=\"e-n-tabs\" data-widget-number=\"245\" aria-label=\"C\u00e1c tab. M\u1edf m\u1ee5c b\u1eb1ng ph\u00edm Enter ho\u1eb7c Space, \u0111\u00f3ng b\u1eb1ng ph\u00edm Esc v\u00e0 di chuy\u1ec3n b\u1eb1ng c\u00e1c ph\u00edm m\u0169i t\u00ean.\">\n\t\t\t<div class=\"e-n-tabs-heading\" role=\"tablist\">\n\t\t\t\t\t\t\t<button id=\"e-n-tabs-title-2451\" class=\"e-n-tab-title\" aria-selected=\"true\" data-tab-index=\"1\" role=\"tab\" tabindex=\"0\" aria-controls=\"e-n-tab-content-2451\" style=\"--n-tabs-title-order: 1;\">\n\t\t\t\t<span class=\"e-n-tab-icon\">\n\t\t\t\t\t\t\t\t\t\t\t\t\t\t<\/span>\n\t\t\t\t<span class=\"e-n-tab-title-text\">\n\t\t\t\t\tTh\u1ec3 thao d\u01b0\u1edbi n\u01b0\u1edbc\t\t\t\t<\/span>\n\t\t\t<\/button>\n\t\t\t\t\t<button id=\"e-n-tabs-title-2452\" class=\"e-n-tab-title\" aria-selected=\"false\" data-tab-index=\"2\" role=\"tab\" tabindex=\"-1\" aria-controls=\"e-n-tab-content-2452\" style=\"--n-tabs-title-order: 2;\">\n\t\t\t\t<span class=\"e-n-tab-icon\">\n\t\t\t\t\t\t\t\t\t\t\t\t\t\t<\/span>\n\t\t\t\t<span class=\"e-n-tab-title-text\">\n\t\t\t\t\tL\u1edbp h\u1ecdc n\u1ea5u \u0103n\t\t\t\t<\/span>\n\t\t\t<\/button>\n\t\t\t\t\t<\/div>\n\t\t\t<div class=\"e-n-tabs-content\">\n\t\t\t\t<div id=\"e-n-tab-content-2451\" role=\"tabpanel\" aria-labelledby=\"e-n-tabs-title-2451\" data-tab-index=\"1\" style=\"--n-tabs-title-order: 1;\" class=\"e-active elementor-element elementor-element-2e0fc1b e-con-full e-flex e-con e-child\" data-id=\"2e0fc1b\" data-element_type=\"container\">\n\t\t\t\t<div class=\"elementor-element elementor-element-5fbb4ba elementor--h-position-left elementor--v-position-middle elementor-arrows-position-inside elementor-pagination-position-inside elementor-widget elementor-widget-slides\" data-id=\"5fbb4ba\" data-element_type=\"widget\" data-settings=\"{&quot;navigation&quot;:&quot;both&quot;,&quot;autoplay&quot;:&quot;yes&quot;,&quot;pause_on_hover&quot;:&quot;yes&quot;,&quot;pause_on_interaction&quot;:&quot;yes&quot;,&quot;autoplay_speed&quot;:5000,&quot;infinite&quot;:&quot;yes&quot;,&quot;transition&quot;:&quot;slide&quot;,&quot;transition_speed&quot;:500}\" data-widget_type=\"slides.default\">\n\t\t\t\t<div class=\"elementor-widget-container\">\n\t\t\t<style>\/*! elementor-pro - v3.11.1 - 15-02-2023 *\/\n.elementor-slides .swiper-slide-bg{background-size:cover;background-position:50%;background-repeat:no-repeat;min-width:100%;min-height:100%}.elementor-slides .swiper-slide-inner{background-repeat:no-repeat;background-position:50%;position:absolute;top:0;left:0;bottom:0;right:0;padding:50px;margin:auto}.elementor-slides .swiper-slide-inner,.elementor-slides .swiper-slide-inner:hover{color:#fff;display:flex}.elementor-slides .swiper-slide-inner .elementor-background-overlay{position:absolute;z-index:0;top:0;bottom:0;left:0;right:0}.elementor-slides .swiper-slide-inner .elementor-slide-content{position:relative;z-index:1;width:100%}.elementor-slides .swiper-slide-inner .elementor-slide-heading{font-size:35px;font-weight:700;line-height:1}.elementor-slides .swiper-slide-inner .elementor-slide-description{font-size:17px;line-height:1.4}.elementor-slides .swiper-slide-inner .elementor-slide-description:not(:last-child),.elementor-slides .swiper-slide-inner .elementor-slide-heading:not(:last-child){margin-bottom:30px}.elementor-slides .swiper-slide-inner .elementor-slide-button{border:2px solid #fff;color:#fff;background:transparent;display:inline-block}.elementor-slides .swiper-slide-inner .elementor-slide-button,.elementor-slides .swiper-slide-inner .elementor-slide-button:hover{background:transparent;color:inherit;text-decoration:none}.elementor--v-position-top .swiper-slide-inner{align-items:flex-start}.elementor--v-position-bottom .swiper-slide-inner{align-items:flex-end}.elementor--v-position-middle .swiper-slide-inner{align-items:center}.elementor--h-position-left .swiper-slide-inner{justify-content:flex-start}.elementor--h-position-right .swiper-slide-inner{justify-content:flex-end}.elementor--h-position-center .swiper-slide-inner{justify-content:center}body.rtl .elementor-widget-slides .elementor-swiper-button-next{left:10px;right:auto}body.rtl .elementor-widget-slides .elementor-swiper-button-prev{right:10px;left:auto}.elementor-slides-wrapper div:not(.swiper-slide)>.swiper-slide-inner{display:none}@media (max-width:767px){.elementor-slides .swiper-slide-inner{padding:30px}.elementor-slides .swiper-slide-inner .elementor-slide-heading{font-size:23px;line-height:1;margin-bottom:15px}.elementor-slides .swiper-slide-inner .elementor-slide-description{font-size:13px;line-height:1.4;margin-bottom:15px}}<\/style>\t\t<div class=\"elementor-swiper\">\n\t\t\t<div class=\"elementor-slides-wrapper elementor-main-swiper swiper\" dir=\"ltr\" data-animation=\"fadeInUp\">\n\t\t\t\t<div class=\"swiper-wrapper elementor-slides\">\n\t\t\t\t\t\t\t\t\t\t<div class=\"elementor-repeater-item-00d1691 swiper-slide\"><div class=\"swiper-slide-bg elementor-ken-burns elementor-ken-burns--in\"><\/div><div class=\"elementor-background-overlay\"><\/div><div class=\"swiper-slide-inner\" ><div class=\"swiper-slide-contents\"><div class=\"elementor-slide-heading\">Thuy\u1ec1n Kayak \u0110\u01a1n\/\u0110\u00f4i<\/div><div class=\"elementor-slide-description\">M\u1ed9t ng\u01b0\u1eddi\n<br>\n 30 ph\u00fat - 300,000 VND\n<br>\n 60 ph\u00fat - 540,000 VND\n<br><br>\nHai ng\u01b0\u1eddi\n<br>\n 30 ph\u00fat - 360,000 VND\n<br>\n 60 ph\u00fat - 600,000 VND<\/div><\/div><\/div><\/div><div class=\"elementor-repeater-item-ced669d swiper-slide\"><div class=\"swiper-slide-bg elementor-ken-burns elementor-ken-burns--in\"><\/div><div class=\"elementor-background-overlay\"><\/div><div class=\"swiper-slide-inner\" ><div class=\"swiper-slide-contents\"><div class=\"elementor-slide-heading\">Thuy\u1ec1n th\u00fang<\/div><div class=\"elementor-slide-description\"> 15 ph\u00fat - 240,000 VND<\/div><\/div><\/div><\/div>\t\t\t\t<\/div>\n\t\t\t\t\t\t\t\t\t\t\t\t\t\t\t<div class=\"swiper-pagination\"><\/div>\n\t\t\t\t\t\t\t\t\t\t\t\t\t\t\t\t<div class=\"elementor-swiper-button elementor-swiper-button-prev\">\n\t\t\t\t\t\t\t<svg aria-hidden=\"true\" class=\"e-font-icon-svg e-eicon-chevron-left\" viewbox=\"0 0 1000 1000\" xmlns=\"http:\/\/www.w3.org\/2000\/svg\"><path d=\"M646 125C629 125 613 133 604 142L308 442C296 454 292 471 292 487 292 504 296 521 308 533L604 854C617 867 629 875 646 875 663 875 679 871 692 858 704 846 713 829 713 812 713 796 708 779 692 767L438 487 692 225C700 217 708 204 708 187 708 171 704 154 692 142 675 129 663 125 646 125Z\"><\/path><\/svg>\t\t\t\t\t\t\t<span class=\"elementor-screen-only\">Previous<\/span>\n\t\t\t\t\t\t<\/div>\n\t\t\t\t\t\t<div class=\"elementor-swiper-button elementor-swiper-button-next\">\n\t\t\t\t\t\t\t<svg aria-hidden=\"true\" class=\"e-font-icon-svg e-eicon-chevron-right\" viewbox=\"0 0 1000 1000\" xmlns=\"http:\/\/www.w3.org\/2000\/svg\"><path d=\"M696 533C708 521 713 504 713 487 713 471 708 454 696 446L400 146C388 133 375 125 354 125 338 125 325 129 313 142 300 154 292 171 292 187 292 204 296 221 308 233L563 492 304 771C292 783 288 800 288 817 288 833 296 850 308 863 321 871 338 875 354 875 371 875 388 867 400 854L696 533Z\"><\/path><\/svg>\t\t\t\t\t\t\t<span class=\"elementor-screen-only\">Next<\/span>\n\t\t\t\t\t\t<\/div>\n\t\t\t\t\t\t\t\t\t\t\t\t<\/div>\n\t\t<\/div>\n\t\t\t\t<\/div>\n\t\t\t\t<\/div>\n\t\t\t\t<\/div>\n\t\t<div id=\"e-n-tab-content-2452\" role=\"tabpanel\" aria-labelledby=\"e-n-tabs-title-2452\" data-tab-index=\"2\" style=\"--n-tabs-title-order: 2;\" class=\"elementor-element elementor-element-e6dffb3 e-con-full e-flex e-con e-child\" data-id=\"e6dffb3\" data-element_type=\"container\">\n\t\t\t\t<div class=\"elementor-element elementor-element-f0a40a1 elementor--h-position-left elementor--v-position-middle elementor-arrows-position-inside elementor-pagination-position-inside elementor-widget elementor-widget-slides\" data-id=\"f0a40a1\" data-element_type=\"widget\" data-settings=\"{&quot;navigation&quot;:&quot;both&quot;,&quot;autoplay&quot;:&quot;yes&quot;,&quot;pause_on_hover&quot;:&quot;yes&quot;,&quot;pause_on_interaction&quot;:&quot;yes&quot;,&quot;autoplay_speed&quot;:5000,&quot;infinite&quot;:&quot;yes&quot;,&quot;transition&quot;:&quot;slide&quot;,&quot;transition_speed&quot;:500}\" data-widget_type=\"slides.default\">\n\t\t\t\t<div class=\"elementor-widget-container\">\n\t\t\t\t\t<div class=\"elementor-swiper\">\n\t\t\t<div class=\"elementor-slides-wrapper elementor-main-swiper swiper\" dir=\"ltr\" data-animation=\"fadeInUp\">\n\t\t\t\t<div class=\"swiper-wrapper elementor-slides\">\n\t\t\t\t\t\t\t\t\t\t<div class=\"elementor-repeater-item-20c01da swiper-slide\"><div class=\"swiper-slide-bg elementor-ken-burns elementor-ken-burns--in\"><\/div><div class=\"elementor-background-overlay\"><\/div><div class=\"swiper-slide-inner\" ><div class=\"swiper-slide-contents\"><div class=\"elementor-slide-heading\">L\u1edbp h\u1ecdc pha ch\u1ebf c\u00e0 ph\u00ea Vi\u1ec7t Nam<\/div><div class=\"elementor-slide-description\">300.000 VND\/30 ph\u00fat\/kh\u00e1ch (t\u1ed1i thi\u1ec3u 2 kh\u00e1ch\/booking), th\u1eddi gian ho\u1ea1t \u0111\u1ed9ng 13:00\u201316:00<\/div><\/div><\/div><\/div><div class=\"elementor-repeater-item-5cfca97 swiper-slide\"><div class=\"swiper-slide-bg elementor-ken-burns elementor-ken-burns--in\"><\/div><div class=\"elementor-background-overlay\"><\/div><div class=\"swiper-slide-inner\" ><div class=\"swiper-slide-contents\"><div class=\"elementor-slide-heading\">B\u00e1nh x\u00e8o\/ Cocktails\/ G\u1ecfi cu\u1ed1n Vi\u1ec7t Nam<\/div><div class=\"elementor-slide-description\">400,000 VND - 90 ph\u00fat - 1 kh\u00e1ch\n\n(cocktail 30 ph\u00fat) (t\u1ed1i hi\u1ec3u 2 kh\u00e1ch\/l\u1edbp)<\/div><\/div><\/div><\/div>\t\t\t\t<\/div>\n\t\t\t\t\t\t\t\t\t\t\t\t\t\t\t<div class=\"swiper-pagination\"><\/div>\n\t\t\t\t\t\t\t\t\t\t\t\t\t\t\t\t<div class=\"elementor-swiper-button elementor-swiper-button-prev\">\n\t\t\t\t\t\t\t<svg aria-hidden=\"true\" class=\"e-font-icon-svg e-eicon-chevron-left\" viewbox=\"0 0 1000 1000\" xmlns=\"http:\/\/www.w3.org\/2000\/svg\"><path d=\"M646 125C629 125 613 133 604 142L308 442C296 454 292 471 292 487 292 504 296 521 308 533L604 854C617 867 629 875 646 875 663 875 679 871 692 858 704 846 713 829 713 812 713 796 708 779 692 767L438 487 692 225C700 217 708 204 708 187 708 171 704 154 692 142 675 129 663 125 646 125Z\"><\/path><\/svg>\t\t\t\t\t\t\t<span class=\"elementor-screen-only\">Previous<\/span>\n\t\t\t\t\t\t<\/div>\n\t\t\t\t\t\t<div class=\"elementor-swiper-button elementor-swiper-button-next\">\n\t\t\t\t\t\t\t<svg aria-hidden=\"true\" class=\"e-font-icon-svg e-eicon-chevron-right\" viewbox=\"0 0 1000 1000\" xmlns=\"http:\/\/www.w3.org\/2000\/svg\"><path d=\"M696 533C708 521 713 504 713 487 713 471 708 454 696 446L400 146C388 133 375 125 354 125 338 125 325 129 313 142 300 154 292 171 292 187 292 204 296 221 308 233L563 492 304 771C292 783 288 800 288 817 288 833 296 850 308 863 321 871 338 875 354 875 371 875 388 867 400 854L696 533Z\"><\/path><\/svg>\t\t\t\t\t\t\t<span class=\"elementor-screen-only\">Next<\/span>\n\t\t\t\t\t\t<\/div>\n\t\t\t\t\t\t\t\t\t\t\t\t<\/div>\n\t\t<\/div>\n\t\t\t\t<\/div>\n\t\t\t\t<\/div>\n\t\t\t\t<\/div>\n\t\t\t\t\t<\/div>\n\t\t<\/div>\n\t\t\t\t<\/div>\n\t\t\t\t<\/div>\n\t\t\t\t\t<\/div>\n\t\t\t\t<\/div>\n\t\t\t\t<\/div>","protected":false},"excerpt":{"rendered":"<p>CHAGRED ACTIVITIES Relax with charged activities Experience entertainment services with Grandvio Ocean Resort Danang Water sports Cooking class Single\/Double KayakSingle 30 mins &#8211; 300,000 VND 60 mins &#8211; 540,000 VND Double 30 mins &#8211; 360,000 VND 60 mins &#8211; 600,000 VNDRound Boat 15 mins &#8211; 240,000 VND Previous Next Vietnamese coffee class300,000 VND\/30 mins\/1 pax [&hellip;]<\/p>","protected":false},"author":1,"featured_media":0,"parent":0,"menu_order":0,"comment_status":"closed","ping_status":"closed","template":"","meta":{"footnotes":""},"class_list":["post-5040","page","type-page","status-publish","hentry"],"acf":[],"_links":{"self":[{"href":"https:\/\/grandvriooceanresortcitydanang.com\/vi\/wp-json\/wp\/v2\/pages\/5040","targetHints":{"allow":["GET"]}}],"collection":[{"href":"https:\/\/grandvriooceanresortcitydanang.com\/vi\/wp-json\/wp\/v2\/pages"}],"about":[{"href":"https:\/\/grandvriooceanresortcitydanang.com\/vi\/wp-json\/wp\/v2\/types\/page"}],"author":[{"embeddable":true,"href":"https:\/\/grandvriooceanresortcitydanang.com\/vi\/wp-json\/wp\/v2\/users\/1"}],"replies":[{"embeddable":true,"href":"https:\/\/grandvriooceanresortcitydanang.com\/vi\/wp-json\/wp\/v2\/comments?post=5040"}],"version-history":[{"count":42,"href":"https:\/\/grandvriooceanresortcitydanang.com\/vi\/wp-json\/wp\/v2\/pages\/5040\/revisions"}],"predecessor-version":[{"id":6910,"href":"https:\/\/grandvriooceanresortcitydanang.com\/vi\/wp-json\/wp\/v2\/pages\/5040\/revisions\/6910"}],"wp:attachment":[{"href":"https:\/\/grandvriooceanresortcitydanang.com\/vi\/wp-json\/wp\/v2\/media?parent=5040"}],"curies":[{"name":"wp","href":"https:\/\/api.w.org\/{rel}","templated":true}]}}