{"id":2347,"date":"2020-03-31T07:41:11","date_gmt":"2020-03-31T07:41:11","guid":{"rendered":"https:\/\/alloggio.qodeinteractive.com\/?page_id=2347"},"modified":"2024-08-09T06:50:48","modified_gmt":"2024-08-09T17:50:48","slug":"about-us","status":"publish","type":"page","link":"https:\/\/grandvriooceanresortcitydanang.com\/vi\/about-us\/","title":{"rendered":"V\u1ec1 ch\u00fang t\u00f4i"},"content":{"rendered":"<div data-elementor-type=\"wp-page\" data-elementor-id=\"2347\" class=\"elementor elementor-2347\">\n\t\t\t\t<div class=\"elementor-element elementor-element-4b9ef04 e-flex e-con-boxed e-con e-parent\" data-id=\"4b9ef04\" data-element_type=\"container\" data-settings=\"{&quot;background_background&quot;:&quot;slideshow&quot;,&quot;background_slideshow_gallery&quot;:[{&quot;id&quot;:6177,&quot;url&quot;:&quot;https:\\\/\\\/grandvriooceanresortcitydanang.com\\\/wp-content\\\/uploads\\\/2024\\\/08\\\/DSC01468-HDR-scaled.jpg&quot;},{&quot;id&quot;:6231,&quot;url&quot;:&quot;https:\\\/\\\/grandvriooceanresortcitydanang.com\\\/wp-content\\\/uploads\\\/2024\\\/08\\\/DSC01457-scaled.jpg&quot;},{&quot;id&quot;:6234,&quot;url&quot;:&quot;https:\\\/\\\/grandvriooceanresortcitydanang.com\\\/wp-content\\\/uploads\\\/2024\\\/08\\\/Grandvrio-6-scaled.jpg&quot;},{&quot;id&quot;:6233,&quot;url&quot;:&quot;https:\\\/\\\/grandvriooceanresortcitydanang.com\\\/wp-content\\\/uploads\\\/2024\\\/08\\\/DSC07065-HDR-Edit-scaled.jpg&quot;},{&quot;id&quot;:6178,&quot;url&quot;:&quot;https:\\\/\\\/grandvriooceanresortcitydanang.com\\\/wp-content\\\/uploads\\\/2024\\\/08\\\/Grandvrio-3-scaled.jpg&quot;},{&quot;id&quot;:6180,&quot;url&quot;:&quot;https:\\\/\\\/grandvriooceanresortcitydanang.com\\\/wp-content\\\/uploads\\\/2024\\\/08\\\/z5245389957874_455c7d5d584bad9fa79f062d6cb2108d-scaled.jpg&quot;}],&quot;background_slideshow_loop&quot;:&quot;yes&quot;,&quot;background_slideshow_slide_duration&quot;:5000,&quot;background_slideshow_slide_transition&quot;:&quot;fade&quot;,&quot;background_slideshow_transition_duration&quot;:500}\">\n\t\t\t\t\t<div class=\"e-con-inner\">\n\t\t\t\t<div class=\"elementor-element elementor-element-0349d65 elementor-widget elementor-widget-heading\" data-id=\"0349d65\" data-element_type=\"widget\" data-widget_type=\"heading.default\">\n\t\t\t\t<div class=\"elementor-widget-container\">\n\t\t\t<style>\/*! elementor - v3.21.0 - 18-04-2024 *\/\n.elementor-heading-title{padding:0;margin:0;line-height:1}.elementor-widget-heading .elementor-heading-title[class*=elementor-size-]>a{color:inherit;font-size:inherit;line-height:inherit}.elementor-widget-heading .elementor-heading-title.elementor-size-small{font-size:15px}.elementor-widget-heading .elementor-heading-title.elementor-size-medium{font-size:19px}.elementor-widget-heading .elementor-heading-title.elementor-size-large{font-size:29px}.elementor-widget-heading .elementor-heading-title.elementor-size-xl{font-size:39px}.elementor-widget-heading .elementor-heading-title.elementor-size-xxl{font-size:59px}<\/style><span class=\"elementor-heading-title elementor-size-default\">Grandvrio Ocean Resort Da Nang\n<\/span>\t\t<\/div>\n\t\t\t\t<\/div>\n\t\t\t\t<div class=\"elementor-element elementor-element-15c81ce elementor-widget elementor-widget-heading\" data-id=\"15c81ce\" data-element_type=\"widget\" data-widget_type=\"heading.default\">\n\t\t\t\t<div class=\"elementor-widget-container\">\n\t\t\t<h2 class=\"elementor-heading-title elementor-size-default\">A Heaven Living Space<\/h2>\t\t<\/div>\n\t\t\t\t<\/div>\n\t\t\t\t\t<\/div>\n\t\t\t\t<\/div>\n\t\t<div class=\"elementor-element elementor-element-f422108 e-flex e-con-boxed e-con e-parent\" data-id=\"f422108\" data-element_type=\"container\">\n\t\t\t\t\t<div class=\"e-con-inner\">\n\t\t<div class=\"elementor-element elementor-element-f5e8d3f e-con-full e-flex e-con e-child\" data-id=\"f5e8d3f\" data-element_type=\"container\">\n\t\t\t\t<div class=\"elementor-element elementor-element-acbfdf8 elementor-widget elementor-widget-heading\" data-id=\"acbfdf8\" data-element_type=\"widget\" data-widget_type=\"heading.default\">\n\t\t\t\t<div class=\"elementor-widget-container\">\n\t\t\t<h2 class=\"elementor-heading-title elementor-size-default\">Ch\u00e0o m\u1eebng \u0111\u1ebfn Grandvrio Ocean Resort \u0110\u00e0 N\u1eb5ng<\/h2>\t\t<\/div>\n\t\t\t\t<\/div>\n\t\t\t\t<div class=\"elementor-element elementor-element-d297dbe elementor-widget__width-initial elementor-widget elementor-widget-text-editor\" data-id=\"d297dbe\" data-element_type=\"widget\" data-widget_type=\"text-editor.default\">\n\t\t\t\t<div class=\"elementor-widget-container\">\n\t\t\t<style>\/*! elementor - v3.21.0 - 18-04-2024 *\/\n.elementor-widget-text-editor.elementor-drop-cap-view-stacked .elementor-drop-cap{background-color:#69727d;color:#fff}.elementor-widget-text-editor.elementor-drop-cap-view-framed .elementor-drop-cap{color:#69727d;border:3px solid;background-color:transparent}.elementor-widget-text-editor:not(.elementor-drop-cap-view-default) .elementor-drop-cap{margin-top:8px}.elementor-widget-text-editor:not(.elementor-drop-cap-view-default) .elementor-drop-cap-letter{width:1em;height:1em}.elementor-widget-text-editor .elementor-drop-cap{float:left;text-align:center;line-height:1;font-size:50px}.elementor-widget-text-editor .elementor-drop-cap-letter{display:inline-block}<\/style>\t\t\t\t<p>T\u1ea7m nh\u00ecn ra \u0111\u1ea1i d\u01b0\u01a1ng tr\u1ea3i d\u00e0i tr\u01b0\u1edbc m\u1eaft. T\u1eadn h\u01b0\u1edfng tr\u1ecdn v\u1eb9n k\u1ef3 ngh\u1ec9 v\u1edbi h\u1ed3 b\u01a1i, d\u1ecbch v\u1ee5 massage, Spa, Nh\u00e0 h\u00e0ng Ch\u00e2u \u00c1.<\/p>\t\t\t\t\t\t<\/div>\n\t\t\t\t<\/div>\n\t\t\t\t<\/div>\n\t\t<div class=\"elementor-element elementor-element-f597af1 e-flex e-con-boxed e-con e-child\" data-id=\"f597af1\" data-element_type=\"container\" data-settings=\"{&quot;background_background&quot;:&quot;classic&quot;}\">\n\t\t\t\t\t<div class=\"e-con-inner\">\n\t\t\t\t\t<\/div>\n\t\t\t\t<\/div>\n\t\t\t\t\t<\/div>\n\t\t\t\t<\/div>\n\t\t<div class=\"elementor-element elementor-element-ece3161 e-flex e-con-boxed e-con e-parent\" data-id=\"ece3161\" data-element_type=\"container\">\n\t\t\t\t\t<div class=\"e-con-inner\">\n\t\t\t\t<div class=\"elementor-element elementor-element-55fd544 elementor-widget elementor-widget-heading\" data-id=\"55fd544\" data-element_type=\"widget\" data-widget_type=\"heading.default\">\n\t\t\t\t<div class=\"elementor-widget-container\">\n\t\t\t<h2 class=\"elementor-heading-title elementor-size-default\">GRANDVRIO\nOCEAN RESORT DA NANG<\/h2>\t\t<\/div>\n\t\t\t\t<\/div>\n\t\t<div class=\"elementor-element elementor-element-1f1be74 e-con-full e-flex e-con e-child\" data-id=\"1f1be74\" data-element_type=\"container\">\n\t\t<div class=\"elementor-element elementor-element-2ea7ecc e-con-full e-flex e-con e-child\" data-id=\"2ea7ecc\" data-element_type=\"container\">\n\t\t\t\t<div class=\"elementor-element elementor-element-e8b339b elementor-widget__width-initial elementor-widget elementor-widget-heading\" data-id=\"e8b339b\" data-element_type=\"widget\" data-widget_type=\"heading.default\">\n\t\t\t\t<div class=\"elementor-widget-container\">\n\t\t\t<span class=\"elementor-heading-title elementor-size-default\">V\u1ecb tr\u00ed<\/span>\t\t<\/div>\n\t\t\t\t<\/div>\n\t\t\t\t<div class=\"elementor-element elementor-element-0b95d39 elementor-widget elementor-widget-image\" data-id=\"0b95d39\" data-element_type=\"widget\" data-widget_type=\"image.default\">\n\t\t\t\t<div class=\"elementor-widget-container\">\n\t\t\t<style>\/*! elementor - v3.21.0 - 18-04-2024 *\/\n.elementor-widget-image{text-align:center}.elementor-widget-image a{display:inline-block}.elementor-widget-image a img[src$=\".svg\"]{width:48px}.elementor-widget-image img{vertical-align:middle;display:inline-block}<\/style>\t\t\t\t\t\t\t\t\t\t<img fetchpriority=\"high\" decoding=\"async\" width=\"800\" height=\"1000\" src=\"https:\/\/grandvriooceanresortcitydanang.com\/wp-content\/uploads\/2023\/10\/391439183_778617507402552_6391605199771865978_n-819x1024.jpg\" class=\"attachment-large size-large wp-image-4880\" alt=\"\" srcset=\"https:\/\/grandvriooceanresortcitydanang.com\/wp-content\/uploads\/2023\/10\/391439183_778617507402552_6391605199771865978_n-819x1024.jpg 819w, https:\/\/grandvriooceanresortcitydanang.com\/wp-content\/uploads\/2023\/10\/391439183_778617507402552_6391605199771865978_n-240x300.jpg 240w, https:\/\/grandvriooceanresortcitydanang.com\/wp-content\/uploads\/2023\/10\/391439183_778617507402552_6391605199771865978_n-768x960.jpg 768w, https:\/\/grandvriooceanresortcitydanang.com\/wp-content\/uploads\/2023\/10\/391439183_778617507402552_6391605199771865978_n.jpg 1200w\" sizes=\"(max-width: 800px) 100vw, 800px\" \/>\t\t\t\t\t\t\t\t\t\t\t\t\t<\/div>\n\t\t\t\t<\/div>\n\t\t\t\t<\/div>\n\t\t<div class=\"elementor-element elementor-element-892500d e-con-full e-flex e-con e-child\" data-id=\"892500d\" data-element_type=\"container\">\n\t\t\t\t<div class=\"elementor-element elementor-element-6b6b81d elementor-widget elementor-widget-image\" data-id=\"6b6b81d\" data-element_type=\"widget\" data-widget_type=\"image.default\">\n\t\t\t\t<div class=\"elementor-widget-container\">\n\t\t\t\t\t\t\t\t\t\t\t\t\t<img decoding=\"async\" width=\"500\" height=\"309\" src=\"https:\/\/grandvriooceanresortcitydanang.com\/wp-content\/uploads\/2023\/11\/access_img02.png\" class=\"attachment-large size-large wp-image-5144\" alt=\"\" srcset=\"https:\/\/grandvriooceanresortcitydanang.com\/wp-content\/uploads\/2023\/11\/access_img02.png 500w, https:\/\/grandvriooceanresortcitydanang.com\/wp-content\/uploads\/2023\/11\/access_img02-300x185.png 300w\" sizes=\"(max-width: 500px) 100vw, 500px\" \/>\t\t\t\t\t\t\t\t\t\t\t\t\t<\/div>\n\t\t\t\t<\/div>\n\t\t\t\t<div class=\"elementor-element elementor-element-e501860 elementor-widget__width-initial elementor-widget elementor-widget-text-editor\" data-id=\"e501860\" data-element_type=\"widget\" data-widget_type=\"text-editor.default\">\n\t\t\t\t<div class=\"elementor-widget-container\">\n\t\t\t\t\t\t\t<p><strong>Chuy\u1ebfn bay th\u1eb3ng \u0111\u1ebfn \u0110\u00e0 N\u1eb5ng<\/strong><br \/>\u00a0\u30fbBay th\u1eb3ng t\u1eeb H\u00e0 N\u1ed9i, H\u1ed3 Ch\u00ed Minh \u0111\u1ebfn \u0110\u00e0 N\u1eb5ng: 1h30'<\/p>\n<p><strong>G\u1ea7n Resort:<\/strong><br \/>\u00a0\u30fbC\u00e1ch s\u00e2n bay Qu\u1ed1c t\u1ebf \u0110\u00e0 N\u1eb5ng: 30 ph\u00fat<br \/>\u00a0\u30fbC\u00e1ch b\u00e3i bi\u1ec3n c\u00f4ng c\u1ed9ng (bi\u1ec3n Non N\u01b0\u1edbc): 10 ph\u00fat<br \/>\u00a0\u30fbC\u00e1ch trung t\u00e2m \u0110\u00e0 N\u1eb5ng: 30 ph\u00fat<\/p>\t\t\t\t\t\t<\/div>\n\t\t\t\t<\/div>\n\t\t\t\t<\/div>\n\t\t\t\t<\/div>\n\t\t\t\t\t<\/div>\n\t\t\t\t<\/div>\n\t\t<div class=\"elementor-element elementor-element-a283752 e-flex e-con-boxed e-con e-parent\" data-id=\"a283752\" data-element_type=\"container\">\n\t\t\t\t\t<div class=\"e-con-inner\">\n\t\t<div class=\"elementor-element elementor-element-4f36527 e-con-full e-flex e-con e-child\" data-id=\"4f36527\" data-element_type=\"container\">\n\t\t\t\t<div class=\"elementor-element elementor-element-80b3c16 elementor-widget elementor-widget-google_maps\" data-id=\"80b3c16\" data-element_type=\"widget\" data-widget_type=\"google_maps.default\">\n\t\t\t\t<div class=\"elementor-widget-container\">\n\t\t\t<style>\/*! elementor - v3.21.0 - 18-04-2024 *\/\n.elementor-widget-google_maps .elementor-widget-container{overflow:hidden}.elementor-widget-google_maps .elementor-custom-embed{line-height:0}.elementor-widget-google_maps iframe{height:300px}<\/style>\t\t<div class=\"elementor-custom-embed\">\n\t\t\t<iframe loading=\"lazy\"\n\t\t\t\t\tsrc=\"https:\/\/maps.google.com\/maps?q=Grandvrio%20Ocean%20Resort%20Da%20Nang&#038;t=m&#038;z=12&#038;output=embed&#038;iwloc=near\"\n\t\t\t\t\ttitle=\"Grandvrio Ocean Resort Da Nang\"\n\t\t\t\t\taria-label=\"Grandvrio Ocean Resort Da Nang\"\n\t\t\t><\/iframe>\n\t\t<\/div>\n\t\t\t\t<\/div>\n\t\t\t\t<\/div>\n\t\t\t\t<\/div>\n\t\t\t\t\t<\/div>\n\t\t\t\t<\/div>\n\t\t\t\t<\/div>","protected":false},"excerpt":{"rendered":"<p>Grandvrio Ocean Resort Da Nang A Heaven Living Space Welcome to Grandvrio Ocean Resort Da Nang Ocean view spreading under your eyes. You can fully enjoy your staying with pool, massage, Spa, Asian Restaurant. GRANDVRIO OCEAN RESORT DA NANG Our location Direct flight to Danang\u00a0\u30fbAbout 5 hours 30 minutes by direct flight from Narita Nearby [&hellip;]<\/p>","protected":false},"author":1,"featured_media":4829,"parent":0,"menu_order":0,"comment_status":"closed","ping_status":"closed","template":"elementor_header_footer","meta":{"footnotes":""},"class_list":["post-2347","page","type-page","status-publish","has-post-thumbnail","hentry"],"acf":[],"_links":{"self":[{"href":"https:\/\/grandvriooceanresortcitydanang.com\/vi\/wp-json\/wp\/v2\/pages\/2347","targetHints":{"allow":["GET"]}}],"collection":[{"href":"https:\/\/grandvriooceanresortcitydanang.com\/vi\/wp-json\/wp\/v2\/pages"}],"about":[{"href":"https:\/\/grandvriooceanresortcitydanang.com\/vi\/wp-json\/wp\/v2\/types\/page"}],"author":[{"embeddable":true,"href":"https:\/\/grandvriooceanresortcitydanang.com\/vi\/wp-json\/wp\/v2\/users\/1"}],"replies":[{"embeddable":true,"href":"https:\/\/grandvriooceanresortcitydanang.com\/vi\/wp-json\/wp\/v2\/comments?post=2347"}],"version-history":[{"count":10,"href":"https:\/\/grandvriooceanresortcitydanang.com\/vi\/wp-json\/wp\/v2\/pages\/2347\/revisions"}],"predecessor-version":[{"id":6254,"href":"https:\/\/grandvriooceanresortcitydanang.com\/vi\/wp-json\/wp\/v2\/pages\/2347\/revisions\/6254"}],"wp:featuredmedia":[{"embeddable":true,"href":"https:\/\/grandvriooceanresortcitydanang.com\/vi\/wp-json\/wp\/v2\/media\/4829"}],"wp:attachment":[{"href":"https:\/\/grandvriooceanresortcitydanang.com\/vi\/wp-json\/wp\/v2\/media?parent=2347"}],"curies":[{"name":"wp","href":"https:\/\/api.w.org\/{rel}","templated":true}]}}